{"id":2971,"date":"2025-05-16T10:11:25","date_gmt":"2025-05-16T10:11:25","guid":{"rendered":"https:\/\/altitudemadrid.com\/?page_id=2971"},"modified":"2025-05-16T10:11:25","modified_gmt":"2025-05-16T10:11:25","slug":"politica-de-cancelacion","status":"publish","type":"page","link":"https:\/\/altitudemadrid.com\/en\/politica-de-cancelacion\/","title":{"rendered":"Pol\u00edtica de cancelaci\u00f3n"},"content":{"rendered":"<h2><span class=\"ez-toc-section\" id=\"Tiempo_de_salto\"><\/span>Tiempo de salto<span class=\"ez-toc-section-end\"><\/span><\/h2>\n<p>Cancelaci\u00f3n y devoluci\u00f3n del importe de reserva hasta 14 d\u00edas antes de la fecha reservada.<br \/>\nCancelaci\u00f3n y abono en tarjeta regalo del importe de la reserva hasta 72 horas antes de la fecha reservada.<\/p>\n<p>La empresa se reserva el derecho a realizar devoluci\u00f3n parcial o total de las compras con menos de 72h de antelaci\u00f3n.<\/p>\n<h2><span class=\"ez-toc-section\" id=\"Eventos\"><\/span>Events<span class=\"ez-toc-section-end\"><\/span><\/h2>\n<p>Cancelaci\u00f3n y devoluci\u00f3n del importe de reserva hasta 14 d\u00edas antes del evento.<br \/>\nCancelaci\u00f3n y abono en tarjeta regalo del importe de la reserva hasta 72 horas antes del evento.<\/p>\n<p>La empresa se reserva el derecho a realizar la devoluci\u00f3n parcial o total de las reservas con menos de 72h de antelaci\u00f3n a la fecha del evento.<\/p>","protected":false},"excerpt":{"rendered":"<p>Tiempo de salto Cancelaci\u00f3n y devoluci\u00f3n del importe de reserva hasta 14 d\u00edas antes de la fecha reservada. Cancelaci\u00f3n y abono en tarjeta regalo del importe de la reserva hasta 72 horas antes de la fecha reservada. La empresa se reserva el derecho a realizar devoluci\u00f3n parcial o total de las compras con menos de [&hellip;]<\/p>","protected":false},"author":1,"featured_media":0,"parent":0,"menu_order":0,"comment_status":"closed","ping_status":"closed","template":"","meta":{"site-sidebar-layout":"default","site-content-layout":"","ast-site-content-layout":"default","site-content-style":"default","site-sidebar-style":"default","ast-global-header-display":"","ast-banner-title-visibility":"","ast-main-header-display":"","ast-hfb-above-header-display":"","ast-hfb-below-header-display":"","ast-hfb-mobile-header-display":"","site-post-title":"","ast-breadcrumbs-content":"","ast-featured-img":"","footer-sml-layout":"","theme-transparent-header-meta":"default","adv-header-id-meta":"","stick-header-meta":"default","header-above-stick-meta":"","header-main-stick-meta":"","header-below-stick-meta":"","astra-migrate-meta-layouts":"set","ast-page-background-enabled":"default","ast-page-background-meta":{"desktop":{"background-color":"var(--ast-global-color-4)","background-image":"","background-repeat":"repeat","background-position":"center center","background-size":"auto","background-attachment":"scroll","background-type":"","background-media":"","overlay-type":"","overlay-color":"","overlay-opacity":"","overlay-gradient":""},"tablet":{"background-color":"","background-image":"","background-repeat":"repeat","background-position":"center center","background-size":"auto","background-attachment":"scroll","background-type":"","background-media":"","overlay-type":"","overlay-color":"","overlay-opacity":"","overlay-gradient":""},"mobile":{"background-color":"","background-image":"","background-repeat":"repeat","background-position":"center center","background-size":"auto","background-attachment":"scroll","background-type":"","background-media":"","overlay-type":"","overlay-color":"","overlay-opacity":"","overlay-gradient":""}},"ast-content-background-meta":{"desktop":{"background-color":"var(--ast-global-color-5)","background-image":"","background-repeat":"repeat","background-position":"center center","background-size":"auto","background-attachment":"scroll","background-type":"","background-media":"","overlay-type":"","overlay-color":"","overlay-opacity":"","overlay-gradient":""},"tablet":{"background-color":"var(--ast-global-color-5)","background-image":"","background-repeat":"repeat","background-position":"center center","background-size":"auto","background-attachment":"scroll","background-type":"","background-media":"","overlay-type":"","overlay-color":"","overlay-opacity":"","overlay-gradient":""},"mobile":{"background-color":"var(--ast-global-color-5)","background-image":"","background-repeat":"repeat","background-position":"center center","background-size":"auto","background-attachment":"scroll","background-type":"","background-media":"","overlay-type":"","overlay-color":"","overlay-opacity":"","overlay-gradient":""}},"footnotes":""},"class_list":["post-2971","page","type-page","status-publish","hentry"],"_links":{"self":[{"href":"https:\/\/altitudemadrid.com\/en\/wp-json\/wp\/v2\/pages\/2971","targetHints":{"allow":["GET"]}}],"collection":[{"href":"https:\/\/altitudemadrid.com\/en\/wp-json\/wp\/v2\/pages"}],"about":[{"href":"https:\/\/altitudemadrid.com\/en\/wp-json\/wp\/v2\/types\/page"}],"author":[{"embeddable":true,"href":"https:\/\/altitudemadrid.com\/en\/wp-json\/wp\/v2\/users\/1"}],"replies":[{"embeddable":true,"href":"https:\/\/altitudemadrid.com\/en\/wp-json\/wp\/v2\/comments?post=2971"}],"version-history":[{"count":2,"href":"https:\/\/altitudemadrid.com\/en\/wp-json\/wp\/v2\/pages\/2971\/revisions"}],"predecessor-version":[{"id":2973,"href":"https:\/\/altitudemadrid.com\/en\/wp-json\/wp\/v2\/pages\/2971\/revisions\/2973"}],"wp:attachment":[{"href":"https:\/\/altitudemadrid.com\/en\/wp-json\/wp\/v2\/media?parent=2971"}],"curies":[{"name":"wp","href":"https:\/\/api.w.org\/{rel}","templated":true}]}}