{"id":1467,"date":"2025-04-16T07:36:32","date_gmt":"2025-04-16T07:36:32","guid":{"rendered":"https:\/\/silly-meninsky.185-47-244-186.plesk.page\/?page_id=1467"},"modified":"2025-05-13T12:50:40","modified_gmt":"2025-05-13T12:50:40","slug":"saltos-para-principiantes","status":"publish","type":"page","link":"https:\/\/altitudemadrid.com\/en\/saltos-para-principiantes\/","title":{"rendered":"Jumps for beginners"},"content":{"rendered":"<div data-elementor-type=\"wp-page\" data-elementor-id=\"1467\" class=\"elementor elementor-1467\" data-elementor-post-type=\"page\">\n\t\t\t\t<div class=\"elementor-element elementor-element-03e4137 e-flex e-con-boxed e-con e-parent\" data-id=\"03e4137\" data-element_type=\"container\" data-settings=\"{&quot;background_background&quot;:&quot;classic&quot;,&quot;shape_divider_bottom&quot;:&quot;opacity-fan&quot;}\">\n\t\t\t\t\t<div class=\"e-con-inner\">\n\t\t\t\t<div class=\"elementor-shape elementor-shape-bottom\" data-negative=\"false\">\n\t\t\t<svg xmlns=\"http:\/\/www.w3.org\/2000\/svg\" viewbox=\"0 0 283.5 19.6\" preserveaspectratio=\"none\">\n\t<path class=\"elementor-shape-fill\" style=\"opacity:0.33\" d=\"M0 0L0 18.8 141.8 4.1 283.5 18.8 283.5 0z\"\/>\n\t<path class=\"elementor-shape-fill\" style=\"opacity:0.33\" d=\"M0 0L0 12.6 141.8 4 283.5 12.6 283.5 0z\"\/>\n\t<path class=\"elementor-shape-fill\" style=\"opacity:0.33\" d=\"M0 0L0 6.4 141.8 4 283.5 6.4 283.5 0z\"\/>\n\t<path class=\"elementor-shape-fill\" d=\"M0 0L0 1.2 141.8 4 283.5 1.2 283.5 0z\"\/>\n<\/svg>\t\t<\/div>\n\t\t\t\t<div class=\"elementor-element elementor-element-ab291e0 elementor-widget elementor-widget-heading\" data-id=\"ab291e0\" data-element_type=\"widget\" data-widget_type=\"heading.default\">\n\t\t\t\t<div class=\"elementor-widget-container\">\n\t\t\t\t\t<h1 class=\"elementor-heading-title elementor-size-default\"><span class=\"ez-toc-section\" id=\"Saltos_en_trampolin_para_principiantes\"><\/span>Saltos en trampol\u00edn para principiantes<span class=\"ez-toc-section-end\"><\/span><\/h1>\t\t\t\t<\/div>\n\t\t\t\t<\/div>\n\t\t\t\t<div class=\"elementor-element elementor-element-267a7d1 elementor-widget elementor-widget-text-editor\" data-id=\"267a7d1\" data-element_type=\"widget\" data-widget_type=\"text-editor.default\">\n\t\t\t\t<div class=\"elementor-widget-container\">\n\t\t\t\t\t\t\t\t\t<p>Gu\u00eda de salto esencial para principiantes en el mundo de los saltos en trampol\u00edn.<\/p>\t\t\t\t\t\t\t\t<\/div>\n\t\t\t\t<\/div>\n\t\t\t\t\t<\/div>\n\t\t\t\t<\/div>\n\t\t<div class=\"elementor-element elementor-element-e126636 e-flex e-con-boxed e-con e-parent\" data-id=\"e126636\" data-element_type=\"container\">\n\t\t\t\t\t<div class=\"e-con-inner\">\n\t\t<div class=\"elementor-element elementor-element-7fffc1f e-con-full e-flex elementor-invisible e-con e-child\" data-id=\"7fffc1f\" data-element_type=\"container\" data-settings=\"{&quot;animation&quot;:&quot;fadeInLeft&quot;}\">\n\t\t\t\t<div class=\"elementor-element elementor-element-0a20832 elementor-widget elementor-widget-heading\" data-id=\"0a20832\" data-element_type=\"widget\" data-widget_type=\"heading.default\">\n\t\t\t\t<div class=\"elementor-widget-container\">\n\t\t\t\t\t<h2 class=\"elementor-heading-title elementor-size-default\"><span class=\"ez-toc-section\" id=\"Sumergete_en_la_emocion_de_los_saltos_en_trampolin_con_nuestra_guia_esencial_para_principiantes_Desde_elegir_la_atraccion_adecuada_hasta_dominar_tecnicas_basicas_este_blog_te_proporcionara_los_tips_necesarios_para_iniciar_tu_emocionante_viaje_en_el_mundo_de_los_trampolines\"><\/span>Sum\u00e9rgete en la emoci\u00f3n de los saltos en trampol\u00edn con nuestra gu\u00eda esencial para principiantes. Desde elegir la atracci\u00f3n adecuada hasta dominar t\u00e9cnicas b\u00e1sicas, este blog te proporcionar\u00e1 los tips necesarios para iniciar tu emocionante viaje en el mundo de los trampolines.<span class=\"ez-toc-section-end\"><\/span><\/h2>\t\t\t\t<\/div>\n\t\t\t\t<\/div>\n\t\t\t\t<div class=\"elementor-element elementor-element-a5b37ba elementor-widget-divider--view-line elementor-widget elementor-widget-divider\" data-id=\"a5b37ba\" data-element_type=\"widget\" data-widget_type=\"divider.default\">\n\t\t\t\t<div class=\"elementor-widget-container\">\n\t\t\t\t\t\t\t<div class=\"elementor-divider\">\n\t\t\t<span class=\"elementor-divider-separator\">\n\t\t\t\t\t\t<\/span>\n\t\t<\/div>\n\t\t\t\t\t\t<\/div>\n\t\t\t\t<\/div>\n\t\t\t\t<div class=\"elementor-element elementor-element-3b18b72 elementor-widget elementor-widget-text-editor\" data-id=\"3b18b72\" data-element_type=\"widget\" data-widget_type=\"text-editor.default\">\n\t\t\t\t<div class=\"elementor-widget-container\">\n\t\t\t\t\t\t\t\t\t<ul><li><strong>Equipo adecuado<\/strong>: antes de lanzarte al aire, aseg\u00farate de llevar ropa c\u00f3moda y los calcetines antideslizantes necesarios para proporcionar un buen soporte para tus pies.<\/li><li><strong>Calentamiento<\/strong>: no subestimes la importancia de un buen calentamiento. Realiza estiramientos ligeros y peque\u00f1os saltos en Pista Principal para preparar tus m\u00fasculos antes de comenzar a saltar.<\/li><li><strong>Centro de gravedad<\/strong>: mant\u00e9n tu centro de gravedad en el medio del trampol\u00edn para un control \u00f3ptimo. Evita los bordes para prevenir lesiones.<\/li><li><strong>Inicia con saltos b\u00e1sicos<\/strong>: comienza con saltos sencillos, movi\u00e9ndote de arriba a abajo para acostumbrarte al rebote. Con el tiempo, podr\u00e1s experimentar con saltos m\u00e1s avanzados en la atracci\u00f3n Walk the Wall.<\/li><li><strong>Controla tu equilibrio<\/strong>: usa tus brazos para mantener el equilibrio y mejorar tu estabilidad en el aire. Puedes experimentar con la atracci\u00f3n de la Cuerda Floja para mejorar tus reflejos a\u00e9reos.<\/li><li><strong>Aterriza de forma segura<\/strong>: al descender, flexiona las rodillas para absorber el impacto y aterriza suavemente. Evita bloquear las piernas al tocar el trampol\u00edn.<\/li><li><strong>Observa y aprende<\/strong>: Observa a otros saltadores m\u00e1s experimentados para obtener inspiraci\u00f3n y aprender nuevas t\u00e9cnicas. La comunidad de saltos en trampol\u00edn es acogedora y siempre dispuesta a compartir consejos.<\/li><li><strong>Incrementa la intensidad gradualmente<\/strong>: a medida que te sientas m\u00e1s c\u00f3modo, puedes aumentar la intensidad de tus saltos y experimentar con trucos m\u00e1s avanzados.<\/li><\/ul><p>Iniciar tu aventura en el mundo de los saltos en trampol\u00edn puede ser emocionante. Con estos consejos esenciales, estar\u00e1s listo para disfrutar de la diversi\u00f3n y los beneficios para la salud que ofrece esta actividad \u00fanica. \u00a1Prep\u00e1rate para elevar tus saltos y disfrutar de una experiencia inolvidable en Altitude Madrid!<\/p><p>Consigue tu entrada de <a href=\"https:\/\/ecom.roller.app\/altitudemadrid\/checkout\/es\/home\" target=\"_blank\" rel=\"noopener\"><strong>forma online<\/strong><\/a> o en taquilla el d\u00eda que vengas. \u00bfEst\u00e1s preparado?<\/p>\t\t\t\t\t\t\t\t<\/div>\n\t\t\t\t<\/div>\n\t\t\t\t<\/div>\n\t\t<div class=\"elementor-element elementor-element-7330684 e-con-full e-flex elementor-invisible e-con e-child\" data-id=\"7330684\" data-element_type=\"container\" data-settings=\"{&quot;animation&quot;:&quot;fadeInUp&quot;}\">\n\t\t\t\t<div class=\"elementor-element elementor-element-4f0eacc elementor-widget elementor-widget-image\" data-id=\"4f0eacc\" data-element_type=\"widget\" data-widget_type=\"image.default\">\n\t\t\t\t<div class=\"elementor-widget-container\">\n\t\t\t\t\t\t\t\t\t\t\t\t\t\t\t<img fetchpriority=\"high\" decoding=\"async\" width=\"819\" height=\"1024\" src=\"https:\/\/altitudemadrid.com\/wp-content\/uploads\/2.2_POST_JUL_FEED_ALT-min-819x1024-1.jpg\" class=\"attachment-large size-large wp-image-1477\" alt=\"\" srcset=\"https:\/\/altitudemadrid.com\/wp-content\/uploads\/2.2_POST_JUL_FEED_ALT-min-819x1024-1.jpg 819w, https:\/\/altitudemadrid.com\/wp-content\/uploads\/2.2_POST_JUL_FEED_ALT-min-819x1024-1-240x300.jpg 240w, https:\/\/altitudemadrid.com\/wp-content\/uploads\/2.2_POST_JUL_FEED_ALT-min-819x1024-1-768x960.jpg 768w\" sizes=\"(max-width: 819px) 100vw, 819px\" \/>\t\t\t\t\t\t\t\t\t\t\t\t\t\t\t<\/div>\n\t\t\t\t<\/div>\n\t\t\t\t<div class=\"elementor-element elementor-element-53b754f elementor-widget elementor-widget-image\" data-id=\"53b754f\" data-element_type=\"widget\" data-widget_type=\"image.default\">\n\t\t\t\t<div class=\"elementor-widget-container\">\n\t\t\t\t\t\t\t\t\t\t\t\t\t\t\t<img decoding=\"async\" width=\"819\" height=\"1024\" src=\"https:\/\/altitudemadrid.com\/wp-content\/uploads\/5_POST_NOV_ALT_FEED-min-819x1024-1.jpg\" class=\"attachment-large size-large wp-image-1478\" alt=\"\" srcset=\"https:\/\/altitudemadrid.com\/wp-content\/uploads\/5_POST_NOV_ALT_FEED-min-819x1024-1.jpg 819w, https:\/\/altitudemadrid.com\/wp-content\/uploads\/5_POST_NOV_ALT_FEED-min-819x1024-1-240x300.jpg 240w, https:\/\/altitudemadrid.com\/wp-content\/uploads\/5_POST_NOV_ALT_FEED-min-819x1024-1-768x960.jpg 768w\" sizes=\"(max-width: 819px) 100vw, 819px\" \/>\t\t\t\t\t\t\t\t\t\t\t\t\t\t\t<\/div>\n\t\t\t\t<\/div>\n\t\t\t\t<\/div>\n\t\t\t\t\t<\/div>\n\t\t\t\t<\/div>\n\t\t<div class=\"elementor-element elementor-element-af36088 e-con-full e-flex e-con e-parent\" data-id=\"af36088\" data-element_type=\"container\" id=\"contacto\">\n\t\t\t\t<div class=\"elementor-element elementor-element-450b912 elementor-invisible elementor-widget elementor-widget-heading\" data-id=\"450b912\" data-element_type=\"widget\" data-settings=\"{&quot;_animation&quot;:&quot;fadeInUp&quot;}\" data-widget_type=\"heading.default\">\n\t\t\t\t<div class=\"elementor-widget-container\">\n\t\t\t\t\t<h2 class=\"elementor-heading-title elementor-size-default\"><span class=\"ez-toc-section\" id=\"Solicita_mas_informacion_sobre_las_franquicias_de_Altitude\"><\/span>Solicita m\u00e1s informaci\u00f3n sobre las franquicias de Altitude<span class=\"ez-toc-section-end\"><\/span><\/h2>\t\t\t\t<\/div>\n\t\t\t\t<\/div>\n\t\t\t\t<div class=\"elementor-element elementor-element-f912702 elementor-widget-divider--view-line elementor-invisible elementor-widget elementor-widget-divider\" data-id=\"f912702\" data-element_type=\"widget\" data-settings=\"{&quot;_animation&quot;:&quot;fadeInUp&quot;}\" data-widget_type=\"divider.default\">\n\t\t\t\t<div class=\"elementor-widget-container\">\n\t\t\t\t\t\t\t<div class=\"elementor-divider\">\n\t\t\t<span class=\"elementor-divider-separator\">\n\t\t\t\t\t\t<\/span>\n\t\t<\/div>\n\t\t\t\t\t\t<\/div>\n\t\t\t\t<\/div>\n\t\t<div class=\"elementor-element elementor-element-399ea96 e-flex e-con-boxed e-con e-child\" data-id=\"399ea96\" data-element_type=\"container\">\n\t\t\t\t\t<div class=\"e-con-inner\">\n\t\t\t\t<div class=\"elementor-element elementor-element-8afcc66 elementor-widget elementor-widget-wpforms\" data-id=\"8afcc66\" data-element_type=\"widget\" data-widget_type=\"wpforms.default\">\n\t\t\t\t<div class=\"elementor-widget-container\">\n\t\t\t\t\t<div class=\"wpforms-container wpforms-container-full wpforms-render-modern\" id=\"wpforms-1453\"><form id=\"wpforms-form-1453\" class=\"wpforms-validate wpforms-form wpforms-ajax-form\" data-formid=\"1453\" method=\"post\" enctype=\"multipart\/form-data\" action=\"\/en\/wp-json\/wp\/v2\/pages\/1467\" data-token=\"c372ae4994e3605639e109a13aa3054c\" data-token-time=\"1776315704\" data-trp-original-action=\"\/en\/wp-json\/wp\/v2\/pages\/1467\"><noscript class=\"wpforms-error-noscript\">Please enable JavaScript in your browser to complete this form.<\/noscript><div id=\"wpforms-error-noscript\" style=\"display: none;\">Please enable JavaScript in your browser to complete this form.<\/div><div class=\"wpforms-field-container\"><div id=\"wpforms-1453-field_1-container\" class=\"wpforms-field wpforms-field-name\" data-field-id=\"1\"><label class=\"wpforms-field-label\" for=\"wpforms-1453-field_1\">Nombre <span class=\"wpforms-required-label\" aria-hidden=\"true\">*<\/span><\/label><input type=\"text\" id=\"wpforms-1453-field_1\" class=\"wpforms-field-large wpforms-field-required\" name=\"wpforms[fields][1]\" aria-errormessage=\"wpforms-1453-field_1-error\" required><\/div><div id=\"wpforms-1453-field_2-container\" class=\"wpforms-field wpforms-field-phone\" data-field-id=\"2\"><label class=\"wpforms-field-label\" for=\"wpforms-1453-field_2\">Phone number <span class=\"wpforms-required-label\" aria-hidden=\"true\">*<\/span><\/label><input type=\"tel\" id=\"wpforms-1453-field_2\" class=\"wpforms-field-large wpforms-field-required wpforms-smart-phone-field\" data-rule-smart-phone-field=\"true\" name=\"wpforms[fields][2]\" aria-label=\"Phone number\" aria-errormessage=\"wpforms-1453-field_2-error\" required><\/div><div id=\"wpforms-1453-field_3-container\" class=\"wpforms-field wpforms-field-email\" data-field-id=\"3\"><label class=\"wpforms-field-label\" for=\"wpforms-1453-field_3\">Email <span class=\"wpforms-required-label\" aria-hidden=\"true\">*<\/span><\/label><input type=\"email\" id=\"wpforms-1453-field_3\" class=\"wpforms-field-large wpforms-field-required\" name=\"wpforms[fields][3]\" spellcheck=\"false\" aria-errormessage=\"wpforms-1453-field_3-error\" required><\/div><div id=\"wpforms-1453-field_4-container\" class=\"wpforms-field wpforms-field-checkbox\" data-field-id=\"4\"><fieldset><legend class=\"wpforms-field-label wpforms-label-hide\" aria-hidden=\"false\">Privacy <span class=\"wpforms-required-label\" aria-hidden=\"true\">*<\/span><\/legend><ul id=\"wpforms-1453-field_4\" class=\"wpforms-field-required\"><li class=\"choice-1 depth-1\"><input type=\"checkbox\" id=\"wpforms-1453-field_4_1\" name=\"wpforms[fields][4][]\" value=\"He le\u00eddo y acepto la Pol\u00edtica de Privacidad de Altitude Madrid.\" aria-errormessage=\"wpforms-1453-field_4_1-error\" required><label class=\"wpforms-field-label-inline\" for=\"wpforms-1453-field_4_1\">I have read and accept the Altitude Madrid Privacy Policy.<\/label><\/li><\/ul><\/fieldset><\/div>\t\t<div id=\"wpforms-1453-field_5-container\"\n\t\t\tclass=\"wpforms-field wpforms-field-text\"\n\t\t\tdata-field-type=\"text\"\n\t\t\tdata-field-id=\"5\"\n\t\t\t>\n\t\t\t<label class=\"wpforms-field-label\" for=\"wpforms-1453-field_5\" >electr\u00f3nico comerciales Privacidad<\/label>\n\t\t\t<input type=\"text\" id=\"wpforms-1453-field_5\" class=\"wpforms-field-medium\" name=\"wpforms[fields][5]\" >\n\t\t<\/div>\n\t\t<div id=\"wpforms-1453-field_10-container\" class=\"wpforms-field wpforms-field-checkbox\" data-field-id=\"10\"><fieldset><legend class=\"wpforms-field-label wpforms-label-hide\" aria-hidden=\"false\">Commercial communications<\/legend><ul id=\"wpforms-1453-field_10\"><li class=\"choice-1 depth-1\"><input type=\"checkbox\" id=\"wpforms-1453-field_10_1\" name=\"wpforms[fields][10][]\" value=\"Consiento expresamente que Altitude Madrid utilice mis datos de contacto para enviarme informaci\u00f3n comercial.\" aria-errormessage=\"wpforms-1453-field_10_1-error\"  ><label class=\"wpforms-field-label-inline\" for=\"wpforms-1453-field_10_1\">I expressly consent to Altitude Madrid using my contact details to send me commercial information.<\/label><\/li><\/ul><\/fieldset><\/div><script>\n\t\t\t\t( function() {\n\t\t\t\t\tconst style = document.createElement( 'style' );\n\t\t\t\t\tstyle.appendChild( document.createTextNode( '#wpforms-1453-field_5-container { position: absolute !important; overflow: hidden !important; display: inline !important; height: 1px !important; width: 1px !important; z-index: -1000 !important; padding: 0 !important; } #wpforms-1453-field_5-container input { visibility: hidden; } #wpforms-conversational-form-page #wpforms-1453-field_5-container label { counter-increment: none; }' ) );\n\t\t\t\t\tdocument.head.appendChild( style );\n\t\t\t\t\tdocument.currentScript?.remove();\n\t\t\t\t} )();\n\t\t\t<\/script><\/div><!-- .wpforms-field-container --><div class=\"wpforms-submit-container\" ><input type=\"hidden\" name=\"wpforms[id]\" value=\"1453\"><input type=\"hidden\" name=\"page_title\" value=\"\"><input type=\"hidden\" name=\"page_url\" value=\"https:\/\/altitudemadrid.com\/en\/wp-json\/wp\/v2\/pages\/1467\"><input type=\"hidden\" name=\"url_referer\" value=\"\"><button type=\"submit\" name=\"wpforms[submit]\" id=\"wpforms-submit-1453\" class=\"wpforms-submit\" data-alt-text=\"Enviando...\" data-submit-text=\"Enviar\" aria-live=\"assertive\" value=\"wpforms-submit\">Send<\/button><img decoding=\"async\" src=\"https:\/\/altitudemadrid.com\/wp-content\/plugins\/wpforms\/assets\/images\/submit-spin.svg\" class=\"wpforms-submit-spinner\" style=\"display: none;\" width=\"26\" height=\"26\" alt=\"Loading\"><\/div><input type=\"hidden\" name=\"trp-form-language\" value=\"en\"\/><\/form><\/div>  <!-- .wpforms-container -->\t\t\t\t<\/div>\n\t\t\t\t<\/div>\n\t\t\t\t\t<\/div>\n\t\t\t\t<\/div>\n\t\t\t\t<\/div>\n\t\t\t\t<\/div>","protected":false},"excerpt":{"rendered":"<p>Saltos en trampol\u00edn para principiantes Gu\u00eda de salto esencial para principiantes en el mundo de los saltos en trampol\u00edn. Sum\u00e9rgete en la emoci\u00f3n de los saltos en trampol\u00edn con nuestra gu\u00eda esencial para principiantes. Desde elegir la atracci\u00f3n adecuada hasta dominar t\u00e9cnicas b\u00e1sicas, este blog te proporcionar\u00e1 los tips necesarios para iniciar tu emocionante viaje [&hellip;]<\/p>","protected":false},"author":1,"featured_media":0,"parent":0,"menu_order":0,"comment_status":"closed","ping_status":"closed","template":"","meta":{"site-sidebar-layout":"right-sidebar","site-content-layout":"","ast-site-content-layout":"full-width-container","site-content-style":"default","site-sidebar-style":"unboxed","ast-global-header-display":"","ast-banner-title-visibility":"","ast-main-header-display":"","ast-hfb-above-header-display":"","ast-hfb-below-header-display":"","ast-hfb-mobile-header-display":"","site-post-title":"disabled","ast-breadcrumbs-content":"","ast-featured-img":"disabled","footer-sml-layout":"","theme-transparent-header-meta":"disabled","adv-header-id-meta":"","stick-header-meta":"default","header-above-stick-meta":"","header-main-stick-meta":"","header-below-stick-meta":"","astra-migrate-meta-layouts":"set","ast-page-background-enabled":"default","ast-page-background-meta":{"desktop":{"background-color":"var(--ast-global-color-4)","background-image":"","background-repeat":"repeat","background-position":"center center","background-size":"auto","background-attachment":"scroll","background-type":"","background-media":"","overlay-type":"","overlay-color":"","overlay-opacity":"","overlay-gradient":""},"tablet":{"background-color":"","background-image":"","background-repeat":"repeat","background-position":"center center","background-size":"auto","background-attachment":"scroll","background-type":"","background-media":"","overlay-type":"","overlay-color":"","overlay-opacity":"","overlay-gradient":""},"mobile":{"background-color":"","background-image":"","background-repeat":"repeat","background-position":"center center","background-size":"auto","background-attachment":"scroll","background-type":"","background-media":"","overlay-type":"","overlay-color":"","overlay-opacity":"","overlay-gradient":""}},"ast-content-background-meta":{"desktop":{"background-color":"var(--ast-global-color-5)","background-image":"","background-repeat":"repeat","background-position":"center center","background-size":"auto","background-attachment":"scroll","background-type":"","background-media":"","overlay-type":"","overlay-color":"","overlay-opacity":"","overlay-gradient":""},"tablet":{"background-color":"var(--ast-global-color-5)","background-image":"","background-repeat":"repeat","background-position":"center center","background-size":"auto","background-attachment":"scroll","background-type":"","background-media":"","overlay-type":"","overlay-color":"","overlay-opacity":"","overlay-gradient":""},"mobile":{"background-color":"var(--ast-global-color-5)","background-image":"","background-repeat":"repeat","background-position":"center center","background-size":"auto","background-attachment":"scroll","background-type":"","background-media":"","overlay-type":"","overlay-color":"","overlay-opacity":"","overlay-gradient":""}},"footnotes":""},"class_list":["post-1467","page","type-page","status-publish","hentry"],"_links":{"self":[{"href":"https:\/\/altitudemadrid.com\/en\/wp-json\/wp\/v2\/pages\/1467","targetHints":{"allow":["GET"]}}],"collection":[{"href":"https:\/\/altitudemadrid.com\/en\/wp-json\/wp\/v2\/pages"}],"about":[{"href":"https:\/\/altitudemadrid.com\/en\/wp-json\/wp\/v2\/types\/page"}],"author":[{"embeddable":true,"href":"https:\/\/altitudemadrid.com\/en\/wp-json\/wp\/v2\/users\/1"}],"replies":[{"embeddable":true,"href":"https:\/\/altitudemadrid.com\/en\/wp-json\/wp\/v2\/comments?post=1467"}],"version-history":[{"count":11,"href":"https:\/\/altitudemadrid.com\/en\/wp-json\/wp\/v2\/pages\/1467\/revisions"}],"predecessor-version":[{"id":2835,"href":"https:\/\/altitudemadrid.com\/en\/wp-json\/wp\/v2\/pages\/1467\/revisions\/2835"}],"wp:attachment":[{"href":"https:\/\/altitudemadrid.com\/en\/wp-json\/wp\/v2\/media?parent=1467"}],"curies":[{"name":"wp","href":"https:\/\/api.w.org\/{rel}","templated":true}]}}